{"id":282877,"date":"2026-02-16T15:21:23","date_gmt":"2026-02-16T14:21:23","guid":{"rendered":"https:\/\/dev.norfrig.se\/?page_id=282877"},"modified":"2026-02-16T15:57:31","modified_gmt":"2026-02-16T14:57:31","slug":"lastsakring","status":"publish","type":"page","link":"https:\/\/dev.norfrig.se\/en\/lastsakring\/","title":{"rendered":"Lasts\u00e4kring"},"content":{"rendered":"<p>[et_pb_section fb_built=&#8221;1&#8243; custom_padding_last_edited=&#8221;on|phone&#8221; _builder_version=&#8221;4.27.4&#8243; _module_preset=&#8221;default&#8221; background_color=&#8221;#004B93&#8243; custom_padding=&#8221;111px||97px|||&#8221; custom_padding_tablet=&#8221;111px||111px|||&#8221; custom_padding_phone=&#8221;20px||0px||false|false&#8221; global_colors_info=&#8221;{}&#8221;][et_pb_row column_structure=&#8221;2_3,1_3&#8243; _builder_version=&#8221;4.27.4&#8243; _module_preset=&#8221;default&#8221; max_width=&#8221;1350px&#8221; min_height_tablet=&#8221;&#8221; min_height_phone=&#8221;&#8221; min_height_last_edited=&#8221;on|phone&#8221; custom_padding=&#8221;27px||0px|||&#8221; module_alignment_tablet=&#8221;&#8221; module_alignment_phone=&#8221;&#8221; module_alignment_last_edited=&#8221;on|phone&#8221; global_colors_info=&#8221;{}&#8221;][et_pb_column type=&#8221;2_3&#8243; _builder_version=&#8221;4.27.4&#8243; _module_preset=&#8221;default&#8221; global_colors_info=&#8221;{}&#8221;][et_pb_text content_tablet=&#8221;<\/p>\n<h1>Value-creating acquisitions that strengthen Swedish industry<\/h1>\n<p>&quot;content_phone=&quot;<\/p>\n<h1>Value-creating acquisitions that strengthen Swedish industry<\/h1>\n<p>&#8221; content_last_edited=&#8221;on|phone&#8221; admin_label=&#8221;Text&#8221; _builder_version=&#8221;4.27.4&#8243; text_font=&#8221;Inter|300|||||||&#8221; text_font_size=&#8221;19px&#8221; text_line_height=&#8221;1.6em&#8221; ul_font=&#8221;||||||||&#8221; header_text_align=&#8221;left&#8221; header_text_color=&#8221;#FFFFFF&#8221; header_line_height=&#8221;1.1em&#8221; background_layout=&#8221;dark&#8221; module_alignment=&#8221;center&#8221; custom_margin=&#8221;||6px|||&#8221; hover_enabled=&#8221;0&#8243; header_line_height_tablet=&#8221;1.2em&#8221; header_line_height_phone=&#8221;1em&#8221; header_line_height_last_edited=&#8221;on|phone&#8221; header_text_shadow_style=&#8221;preset3&#8243; header_text_shadow_color=&#8221;rgba(0,0,0,0.06)&#8221; global_colors_info=&#8221;{}&#8221; sticky_enabled=&#8221;0&#8243;]<\/p>\n<h1>Lasts\u00e4kring<\/h1>\n<p>[\/et_pb_text][\/et_pb_column][et_pb_column type=&#8221;1_3&#8243; _builder_version=&#8221;4.27.4&#8243; _module_preset=&#8221;default&#8221; global_colors_info=&#8221;{}&#8221;][\/et_pb_column][\/et_pb_row][et_pb_row column_structure=&#8221;2_3,1_3&#8243; _builder_version=&#8221;4.27.4&#8243; _module_preset=&#8221;default&#8221; max_width=&#8221;1350px&#8221; min_height_tablet=&#8221;&#8221; min_height_phone=&#8221;&#8221; min_height_last_edited=&#8221;on|phone&#8221; height_tablet=&#8221;&#8221; height_phone=&#8221;auto&#8221; height_last_edited=&#8221;on|phone&#8221; custom_margin=&#8221;5px|auto||auto||&#8221; custom_padding=&#8221;7px|||||&#8221; global_colors_info=&#8221;{}&#8221;][et_pb_column type=&#8221;2_3&#8243; _builder_version=&#8221;4.27.4&#8243; _module_preset=&#8221;default&#8221; global_colors_info=&#8221;{}&#8221;][et_pb_text admin_label=&#8221;Text&#8221; _builder_version=&#8221;4.27.4&#8243; text_font=&#8221;Inter|300|||||||&#8221; text_text_color=&#8221;RGBA(255,255,255,0.7)&#8221; text_font_size=&#8221;18px&#8221; text_line_height=&#8221;1.6em&#8221; ul_font=&#8221;||||||||&#8221; header_font=&#8221;Inter|600|||||||&#8221; header_text_align=&#8221;left&#8221; header_text_color=&#8221;#84b0ad&#8221; header_font_size=&#8221;60px&#8221; background_layout=&#8221;dark&#8221; module_alignment=&#8221;center&#8221; custom_margin=&#8221;-5px|||||&#8221; text_line_height_tablet=&#8221;2em&#8221; text_line_height_phone=&#8221;2em&#8221; text_line_height_last_edited=&#8221;off|desktop&#8221; header_font_size_tablet=&#8221;40px&#8221; header_font_size_phone=&#8221;50px&#8221; header_font_size_last_edited=&#8221;on|tablet&#8221; header_line_height_tablet=&#8221;1.2em&#8221; header_line_height_phone=&#8221;1em&#8221; header_line_height_last_edited=&#8221;on|phone&#8221; header_text_shadow_style=&#8221;preset3&#8243; header_text_shadow_color=&#8221;rgba(0,0,0,0.06)&#8221; global_colors_info=&#8221;{}&#8221;]<\/p>\n<p>Vi p\u00e5 Norfrig Sverige AB erbjuder ett brett sortiment av lastbilssl\u00e4p och vi t\u00e4cker alla de behov som finns p\u00e5 marknaden. Vi har f\u00f6ljt branschen och utvecklingen under l\u00e5ng tid och d\u00e4rf\u00f6r kan vi erbjuda v\u00e5ra kunder unika l\u00f6sningar fr\u00e5n f\u00f6rs\u00e4ljning av lastbilssl\u00e4p samt variation efter behov. Tillsammans utg\u00f6r vi ett integrerat n\u00e4tverk av utvecklingsorienterade lastbilssl\u00e4p av h\u00f6gsta kvalitet f\u00f6r alla typer av tempererade transporter.<\/p>\n<p>[\/et_pb_text][\/et_pb_column][et_pb_column type=&#8221;1_3&#8243; _builder_version=&#8221;4.27.4&#8243; _module_preset=&#8221;default&#8221; global_colors_info=&#8221;{}&#8221;][\/et_pb_column][\/et_pb_row][\/et_pb_section][et_pb_section fb_built=&#8221;1&#8243; custom_padding_last_edited=&#8221;on|phone&#8221; admin_label=&#8221;Hero&#8221; _builder_version=&#8221;4.27.4&#8243; background_color=&#8221;#004B93&#8243; background_enable_image=&#8221;off&#8221; custom_margin=&#8221;||||false|false&#8221; custom_padding=&#8221;0px||0px||true|false&#8221; custom_padding_tablet=&#8221;100px||100px|&#8221; custom_padding_phone=&#8221;||0px||false|false&#8221; animation_direction=&#8221;left&#8221; border_radii=&#8221;off||||&#8221; border_color_all=&#8221;#84b0ad&#8221; border_width_right=&#8221;0vw&#8221; border_color_right=&#8221;RGBA(255,255,255,0)&#8221; box_shadow_style=&#8221;preset4&#8243; box_shadow_horizontal=&#8221;500px&#8221; box_shadow_vertical=&#8221;0px&#8221; box_shadow_color=&#8221;#063b41&#8243; global_colors_info=&#8221;{}&#8221;][et_pb_row disabled_on=&#8221;on|off|off&#8221; _builder_version=&#8221;4.27.4&#8243; _module_preset=&#8221;default&#8221; width=&#8221;100%&#8221; max_width=&#8221;100%&#8221; height=&#8221;700px&#8221; custom_padding=&#8221;1px||0px|||&#8221; border_radii=&#8221;off||30vw||&#8221; global_colors_info=&#8221;{}&#8221;][et_pb_column type=&#8221;4_4&#8243; _builder_version=&#8221;4.27.4&#8243; _module_preset=&#8221;default&#8221; background_image=&#8221;https:\/\/dev.norfrig.se\/wp-content\/uploads\/sites\/3\/2026\/01\/Dagab-bil-och-slap.jpg&#8221; background_last_edited=&#8221;on|phone&#8221; background_image_phone=&#8221;https:\/\/dev.norfrig.se\/wp-content\/uploads\/sites\/3\/2025\/07\/mobil-forvarstrategi-inducore.jpg&#8221; background_enable_image_phone=&#8221;on&#8221; global_colors_info=&#8221;{}&#8221;][et_pb_divider show_divider=&#8221;off&#8221; _builder_version=&#8221;4.27.4&#8243; _module_preset=&#8221;default&#8221; height=&#8221;700px&#8221; global_colors_info=&#8221;{}&#8221;][\/et_pb_divider][\/et_pb_column][\/et_pb_row][et_pb_row disabled_on=&#8221;off|on|on&#8221; _builder_version=&#8221;4.27.4&#8243; _module_preset=&#8221;default&#8221; width=&#8221;100%&#8221; max_width=&#8221;100%&#8221; custom_padding=&#8221;10px||0px|||&#8221; global_colors_info=&#8221;{}&#8221;][et_pb_column type=&#8221;4_4&#8243; _builder_version=&#8221;4.27.4&#8243; _module_preset=&#8221;default&#8221; global_colors_info=&#8221;{}&#8221;][et_pb_image src=&#8221;https:\/\/dev.norfrig.se\/wp-content\/uploads\/sites\/3\/2026\/01\/Dagab-bil-och-slap.jpg&#8221; title_text=&#8221;Dagab-bil-och-slap&#8221; _builder_version=&#8221;4.27.4&#8243; _module_preset=&#8221;default&#8221; border_radii=&#8221;off||120px||&#8221; global_colors_info=&#8221;{}&#8221;][\/et_pb_image][\/et_pb_column][\/et_pb_row][\/et_pb_section][et_pb_section fb_built=&#8221;1&#8243; _builder_version=&#8221;4.27.4&#8243; _module_preset=&#8221;default&#8221; global_colors_info=&#8221;{}&#8221;][et_pb_row column_structure=&#8221;1_2,1_2&#8243; _builder_version=&#8221;4.27.4&#8243; _module_preset=&#8221;default&#8221; max_width=&#8221;1280px&#8221; global_colors_info=&#8221;{}&#8221;][et_pb_column type=&#8221;1_2&#8243; _builder_version=&#8221;4.27.4&#8243; _module_preset=&#8221;default&#8221; global_colors_info=&#8221;{}&#8221;][et_pb_text _builder_version=&#8221;4.27.4&#8243; _module_preset=&#8221;default&#8221; global_colors_info=&#8221;{}&#8221;]<\/p>\n<h2>Kvalitetss\u00e4kra lastbilssl\u00e4p<\/h2>\n<p>Vi \u00e4r en p\u00e5litlig partner som hj\u00e4lper dig med innovativa lastbilssl\u00e4p f\u00f6r att trygga framtiden f\u00f6r ditt f\u00f6retag. Vi anv\u00e4nder oss av en av Europas st\u00f6rsta leverant\u00f6rer av chassi, f\u00f6r att s\u00e4kerhetsst\u00e4lla kvalit\u00e9n av produkten. V\u00e5ra lastbilssl\u00e4p \u00e4r konstruerade att klara av olika uppgifter samt f\u00f6rh\u00e5llanden och finns i standard, eller kundanpassade utf\u00f6rande. M\u00e5tten p\u00e5 v\u00e5ra lastbilssl\u00e4p \u00e4r varierande och finns i b\u00e5de standard utf\u00f6rande och \u00f6ppningsbar sida. Alla lastbilssl\u00e4p passar f\u00f6r b\u00e5de st\u00f6rre och mindre leveranser, som ska k\u00f6ras f\u00f6r fj\u00e4rrtrafik eller f\u00f6r distribution.<\/p>\n<p>[\/et_pb_text][\/et_pb_column][et_pb_column type=&#8221;1_2&#8243; _builder_version=&#8221;4.27.4&#8243; _module_preset=&#8221;default&#8221; global_colors_info=&#8221;{}&#8221;][et_pb_image src=&#8221;https:\/\/dev.norfrig.se\/wp-content\/uploads\/sites\/3\/2026\/01\/facebook-carosuel-lastbilslap_769.jpg&#8221; title_text=&#8221;facebook-carosuel-lastbilslap_769&#8243; align=&#8221;center&#8221; _builder_version=&#8221;4.27.4&#8243; _module_preset=&#8221;default&#8221; module_alignment=&#8221;center&#8221; border_radii=&#8221;off||60px||60px&#8221; global_colors_info=&#8221;{}&#8221;][\/et_pb_image][\/et_pb_column][\/et_pb_row][\/et_pb_section][et_pb_section fb_built=&#8221;1&#8243; _builder_version=&#8221;4.27.4&#8243; _module_preset=&#8221;default&#8221; background_color=&#8221;#EFF8FD&#8221; custom_padding=&#8221;80px||80px||true|&#8221; global_colors_info=&#8221;{}&#8221;][et_pb_row _builder_version=&#8221;4.27.4&#8243; _module_preset=&#8221;default&#8221; max_width=&#8221;1400px&#8221; custom_padding=&#8221;||||false|false&#8221; global_colors_info=&#8221;{}&#8221;][et_pb_column type=&#8221;4_4&#8243; _builder_version=&#8221;4.27.4&#8243; _module_preset=&#8221;default&#8221; global_colors_info=&#8221;{}&#8221;][et_pb_text _builder_version=&#8221;4.27.4&#8243; _module_preset=&#8221;default&#8221; text_font=&#8221;Inter||||||||&#8221; text_line_height=&#8221;1.4em&#8221; header_text_color=&#8221;#000000&#8243; header_2_text_align=&#8221;center&#8221; header_2_text_color=&#8221;#000000&#8243; header_2_line_height=&#8221;1.2em&#8221; header_3_font=&#8221;|||on|||||&#8221; header_3_text_color=&#8221;rgba(0,0,0,0.62)&#8221; header_3_font_size=&#8221;20px&#8221; text_orientation=&#8221;center&#8221; max_width=&#8221;800px&#8221; module_alignment=&#8221;center&#8221; custom_margin=&#8221;||37px|||&#8221; header_3_font_size_tablet=&#8221;20px&#8221; header_3_font_size_phone=&#8221;20px&#8221; header_3_font_size_last_edited=&#8221;on|phone&#8221; global_colors_info=&#8221;{}&#8221; header_2_2_font_size_phone=&#8221;32px&#8221; header_3_2_font_size_phone=&#8221;32px&#8221; header_4_2_font_size_phone=&#8221;32px&#8221; header_5_2_font_size_phone=&#8221;32px&#8221; header_6_2_font_size_phone=&#8221;32px&#8221; header_2_2_font_size_last_edited=&#8221;on|phone&#8221; header_3_2_font_size_last_edited=&#8221;on|phone&#8221; header_4_2_font_size_last_edited=&#8221;on|phone&#8221; header_5_2_font_size_last_edited=&#8221;on|phone&#8221; header_6_2_font_size_last_edited=&#8221;on|phone&#8221;]<\/p>\n<h3>Passar alla behov<\/h3>\n<h2>Kontakta oss f\u00f6r lastbilssl\u00e4p<\/h2>\n<p>\u00c4r ni i behov av lastbilssl\u00e4p? Kontakta oss s\u00e5 hj\u00e4lper vi er finna de sl\u00e4p som passar b\u00e4st f\u00f6r just era behov och \u00f6nskem\u00e5l. Vid behov av snabb leverans kan vi erbjuda lagersl\u00e4p. Vi ger r\u00e5d om vilka lastbilssl\u00e4p som passar b\u00e4st f\u00f6r ert \u00e4ndam\u00e5l.<\/p>\n<p>[\/et_pb_text][et_pb_button button_url=&#8221;@ET-DC@eyJkeW5hbWljIjp0cnVlLCJjb250ZW50IjoicG9zdF9saW5rX3VybF9wYWdlIiwic2V0dGluZ3MiOnsicG9zdF9pZCI6IjI3NzUxNSJ9fQ==@&#8221; button_text=&#8221;Kontakta oss&#8221; button_alignment=&#8221;center&#8221; _builder_version=&#8221;4.27.4&#8243; _dynamic_attributes=&#8221;button_url&#8221; _module_preset=&#8221;default&#8221; button_bg_color=&#8221;#004B93&#8243; global_colors_info=&#8221;{}&#8221;][\/et_pb_button][\/et_pb_column][\/et_pb_row][\/et_pb_section]<\/p>","protected":false},"excerpt":{"rendered":"<p>Lasts\u00e4kringVi p\u00e5 Norfrig Sverige AB erbjuder ett brett sortiment av lastbilssl\u00e4p och vi t\u00e4cker alla de behov som finns p\u00e5 marknaden. Vi har f\u00f6ljt branschen och utvecklingen under l\u00e5ng tid och d\u00e4rf\u00f6r kan vi erbjuda v\u00e5ra kunder unika l\u00f6sningar fr\u00e5n f\u00f6rs\u00e4ljning av lastbilssl\u00e4p samt variation efter behov. Tillsammans utg\u00f6r vi ett integrerat n\u00e4tverk av utvecklingsorienterade [&hellip;]<\/p>","protected":false},"author":5,"featured_media":0,"parent":0,"menu_order":0,"comment_status":"closed","ping_status":"closed","template":"","meta":{"_et_pb_use_builder":"on","_et_pb_old_content":"","_et_gb_content_width":"","footnotes":""},"difl_page_category":[],"class_list":["post-282877","page","type-page","status-publish","hentry"],"yoast_head":"<!-- This site is optimized with the Yoast SEO plugin v26.3 - https:\/\/yoast.com\/wordpress\/plugins\/seo\/ -->\n<title>Lasts\u00e4kring - DEV Norfrig Truck Bodies AB<\/title>\n<meta name=\"robots\" content=\"noindex, follow, max-snippet:-1, max-image-preview:large, max-video-preview:-1\" \/>\n<meta property=\"og:locale\" content=\"en_GB\" \/>\n<meta property=\"og:type\" content=\"article\" \/>\n<meta property=\"og:title\" content=\"Lasts\u00e4kring - DEV Norfrig Truck Bodies AB\" \/>\n<meta property=\"og:description\" content=\"Lasts\u00e4kringVi p\u00e5 Norfrig Sverige AB erbjuder ett brett sortiment av lastbilssl\u00e4p och vi t\u00e4cker alla de behov som finns p\u00e5 marknaden. Vi har f\u00f6ljt branschen och utvecklingen under l\u00e5ng tid och d\u00e4rf\u00f6r kan vi erbjuda v\u00e5ra kunder unika l\u00f6sningar fr\u00e5n f\u00f6rs\u00e4ljning av lastbilssl\u00e4p samt variation efter behov. Tillsammans utg\u00f6r vi ett integrerat n\u00e4tverk av utvecklingsorienterade [&hellip;]\" \/>\n<meta property=\"og:url\" content=\"https:\/\/dev.norfrig.se\/en\/lastsakring\/\" \/>\n<meta property=\"og:site_name\" content=\"DEV Norfrig Truck Bodies AB\" \/>\n<meta property=\"article:modified_time\" content=\"2026-02-16T14:57:31+00:00\" \/>\n<meta property=\"og:image\" content=\"https:\/\/dev.norfrig.se\/wp-content\/uploads\/sites\/3\/2025\/04\/hemsida-frontpage-5beskuren-1-scaled-1.jpg\" \/>\n\t<meta property=\"og:image:width\" content=\"1920\" \/>\n\t<meta property=\"og:image:height\" content=\"759\" \/>\n\t<meta property=\"og:image:type\" content=\"image\/jpeg\" \/>\n<meta name=\"twitter:card\" content=\"summary_large_image\" \/>\n<meta name=\"twitter:label1\" content=\"Estimated reading time\" \/>\n\t<meta name=\"twitter:data1\" content=\"2 minutes\" \/>\n<script type=\"application\/ld+json\" class=\"yoast-schema-graph\">{\"@context\":\"https:\/\/schema.org\",\"@graph\":[{\"@type\":\"WebPage\",\"@id\":\"https:\/\/dev.norfrig.se\/lastsakring\/\",\"url\":\"https:\/\/dev.norfrig.se\/lastsakring\/\",\"name\":\"Lasts\u00e4kring - DEV Norfrig Truck Bodies AB\",\"isPartOf\":{\"@id\":\"https:\/\/dev.norfrig.se\/#website\"},\"datePublished\":\"2026-02-16T14:21:23+00:00\",\"dateModified\":\"2026-02-16T14:57:31+00:00\",\"breadcrumb\":{\"@id\":\"https:\/\/dev.norfrig.se\/lastsakring\/#breadcrumb\"},\"inLanguage\":\"en-GB\",\"potentialAction\":[{\"@type\":\"ReadAction\",\"target\":[\"https:\/\/dev.norfrig.se\/lastsakring\/\"]}]},{\"@type\":\"BreadcrumbList\",\"@id\":\"https:\/\/dev.norfrig.se\/lastsakring\/#breadcrumb\",\"itemListElement\":[{\"@type\":\"ListItem\",\"position\":1,\"name\":\"Hem\",\"item\":\"https:\/\/dev.norfrig.se\/\"},{\"@type\":\"ListItem\",\"position\":2,\"name\":\"Lasts\u00e4kring\"}]},{\"@type\":\"WebSite\",\"@id\":\"https:\/\/dev.norfrig.se\/#website\",\"url\":\"https:\/\/dev.norfrig.se\/\",\"name\":\"Inducore\",\"description\":\"Vi formar framtidens industri.\",\"publisher\":{\"@id\":\"https:\/\/dev.norfrig.se\/#organization\"},\"potentialAction\":[{\"@type\":\"SearchAction\",\"target\":{\"@type\":\"EntryPoint\",\"urlTemplate\":\"https:\/\/dev.norfrig.se\/?s={search_term_string}\"},\"query-input\":{\"@type\":\"PropertyValueSpecification\",\"valueRequired\":true,\"valueName\":\"search_term_string\"}}],\"inLanguage\":\"en-GB\"},{\"@type\":\"Organization\",\"@id\":\"https:\/\/dev.norfrig.se\/#organization\",\"name\":\"Inducore\",\"url\":\"https:\/\/dev.norfrig.se\/\",\"logo\":{\"@type\":\"ImageObject\",\"inLanguage\":\"en-GB\",\"@id\":\"https:\/\/dev.norfrig.se\/#\/schema\/logo\/image\/\",\"url\":\"https:\/\/dev.norfrig.se\/wp-content\/uploads\/sites\/3\/2025\/06\/Inducore-logo-rgb-300x70-1.png\",\"contentUrl\":\"https:\/\/dev.norfrig.se\/wp-content\/uploads\/sites\/3\/2025\/06\/Inducore-logo-rgb-300x70-1.png\",\"width\":2364,\"height\":548,\"caption\":\"Inducore\"},\"image\":{\"@id\":\"https:\/\/dev.norfrig.se\/#\/schema\/logo\/image\/\"},\"sameAs\":[\"https:\/\/se.linkedin.com\/company\/inducore-ab\"]}]}<\/script>\n<!-- \/ Yoast SEO plugin. -->","yoast_head_json":{"title":"Lasts\u00e4kring - DEV Norfrig Truck Bodies AB","robots":{"index":"noindex","follow":"follow","max-snippet":"max-snippet:-1","max-image-preview":"max-image-preview:large","max-video-preview":"max-video-preview:-1"},"og_locale":"en_GB","og_type":"article","og_title":"Lasts\u00e4kring - DEV Norfrig Truck Bodies AB","og_description":"Lasts\u00e4kringVi p\u00e5 Norfrig Sverige AB erbjuder ett brett sortiment av lastbilssl\u00e4p och vi t\u00e4cker alla de behov som finns p\u00e5 marknaden. Vi har f\u00f6ljt branschen och utvecklingen under l\u00e5ng tid och d\u00e4rf\u00f6r kan vi erbjuda v\u00e5ra kunder unika l\u00f6sningar fr\u00e5n f\u00f6rs\u00e4ljning av lastbilssl\u00e4p samt variation efter behov. Tillsammans utg\u00f6r vi ett integrerat n\u00e4tverk av utvecklingsorienterade [&hellip;]","og_url":"https:\/\/dev.norfrig.se\/en\/lastsakring\/","og_site_name":"DEV Norfrig Truck Bodies AB","article_modified_time":"2026-02-16T14:57:31+00:00","og_image":[{"width":1920,"height":759,"url":"https:\/\/dev.norfrig.se\/wp-content\/uploads\/sites\/3\/2025\/04\/hemsida-frontpage-5beskuren-1-scaled-1.jpg","type":"image\/jpeg"}],"twitter_card":"summary_large_image","twitter_misc":{"Estimated reading time":"2 minutes"},"schema":{"@context":"https:\/\/schema.org","@graph":[{"@type":"WebPage","@id":"https:\/\/dev.norfrig.se\/lastsakring\/","url":"https:\/\/dev.norfrig.se\/lastsakring\/","name":"Lasts\u00e4kring - DEV Norfrig Truck Bodies AB","isPartOf":{"@id":"https:\/\/dev.norfrig.se\/#website"},"datePublished":"2026-02-16T14:21:23+00:00","dateModified":"2026-02-16T14:57:31+00:00","breadcrumb":{"@id":"https:\/\/dev.norfrig.se\/lastsakring\/#breadcrumb"},"inLanguage":"en-GB","potentialAction":[{"@type":"ReadAction","target":["https:\/\/dev.norfrig.se\/lastsakring\/"]}]},{"@type":"BreadcrumbList","@id":"https:\/\/dev.norfrig.se\/lastsakring\/#breadcrumb","itemListElement":[{"@type":"ListItem","position":1,"name":"Hem","item":"https:\/\/dev.norfrig.se\/"},{"@type":"ListItem","position":2,"name":"Lasts\u00e4kring"}]},{"@type":"WebSite","@id":"https:\/\/dev.norfrig.se\/#website","url":"https:\/\/dev.norfrig.se\/","name":"Inducore","description":"Vi formar framtidens industri.","publisher":{"@id":"https:\/\/dev.norfrig.se\/#organization"},"potentialAction":[{"@type":"SearchAction","target":{"@type":"EntryPoint","urlTemplate":"https:\/\/dev.norfrig.se\/?s={search_term_string}"},"query-input":{"@type":"PropertyValueSpecification","valueRequired":true,"valueName":"search_term_string"}}],"inLanguage":"en-GB"},{"@type":"Organization","@id":"https:\/\/dev.norfrig.se\/#organization","name":"Inducore","url":"https:\/\/dev.norfrig.se\/","logo":{"@type":"ImageObject","inLanguage":"en-GB","@id":"https:\/\/dev.norfrig.se\/#\/schema\/logo\/image\/","url":"https:\/\/dev.norfrig.se\/wp-content\/uploads\/sites\/3\/2025\/06\/Inducore-logo-rgb-300x70-1.png","contentUrl":"https:\/\/dev.norfrig.se\/wp-content\/uploads\/sites\/3\/2025\/06\/Inducore-logo-rgb-300x70-1.png","width":2364,"height":548,"caption":"Inducore"},"image":{"@id":"https:\/\/dev.norfrig.se\/#\/schema\/logo\/image\/"},"sameAs":["https:\/\/se.linkedin.com\/company\/inducore-ab"]}]}},"_links":{"self":[{"href":"https:\/\/dev.norfrig.se\/en\/wp-json\/wp\/v2\/pages\/282877","targetHints":{"allow":["GET"]}}],"collection":[{"href":"https:\/\/dev.norfrig.se\/en\/wp-json\/wp\/v2\/pages"}],"about":[{"href":"https:\/\/dev.norfrig.se\/en\/wp-json\/wp\/v2\/types\/page"}],"author":[{"embeddable":true,"href":"https:\/\/dev.norfrig.se\/en\/wp-json\/wp\/v2\/users\/5"}],"replies":[{"embeddable":true,"href":"https:\/\/dev.norfrig.se\/en\/wp-json\/wp\/v2\/comments?post=282877"}],"version-history":[{"count":0,"href":"https:\/\/dev.norfrig.se\/en\/wp-json\/wp\/v2\/pages\/282877\/revisions"}],"wp:attachment":[{"href":"https:\/\/dev.norfrig.se\/en\/wp-json\/wp\/v2\/media?parent=282877"}],"wp:term":[{"taxonomy":"difl_page_category","embeddable":true,"href":"https:\/\/dev.norfrig.se\/en\/wp-json\/wp\/v2\/difl_page_category?post=282877"}],"curies":[{"name":"wp","href":"https:\/\/api.w.org\/{rel}","templated":true}]}}